{"id":29,"date":"2024-08-05T13:35:07","date_gmt":"2024-08-05T13:35:07","guid":{"rendered":"https:\/\/ekgdoo.si\/?page_id=29"},"modified":"2024-08-18T08:45:09","modified_gmt":"2024-08-18T08:45:09","slug":"kontakt","status":"publish","type":"page","link":"https:\/\/ekgdoo.si\/?page_id=29","title":{"rendered":"Kontakt"},"content":{"rendered":"\n<h3 class=\"wp-block-heading\">Izpolnite obrazec in nam zaupajte Va\u0161e \u017eelje, ideje, povpra\u0161evanja ali te\u017eave in kontaktirali vas bomo v najkraj\u0161em mo\u017enem \u010dasu!<\/h3>\n\n\n\n<form method=\"post\" class=\"wp-block-gutena-forms gutena-forms-contact-form gutena_forms_ID_a7287214a8_582024205022 after_submit_message is-layout-flow wp-container-gutena-forms-is-layout-087378d9 wp-block-gutena-forms-is-layout-flow\" style=\"padding-top:2rem;padding-right:1.25rem;padding-bottom:5rem;padding-left:1.25rem\"><input type=\"hidden\" name=\"formid\" value=\"gutena_forms_ID_a7287214a8_582024205022\"\/>\n<div class=\"wp-block-columns alignfull are-vertically-aligned-top is-layout-flex wp-container-core-columns-is-layout-28f84493 wp-block-columns-is-layout-flex\">\n<div class=\"wp-block-column is-vertically-aligned-top is-layout-flow wp-block-column-is-layout-flow\">\n<div class=\"wp-block-gutena-field-group  field-group-type-text is-layout-flow wp-block-gutena-field-group-is-layout-flow\">\n<div class=\"wp-block-group is-vertical is-layout-flex wp-container-core-group-is-layout-501cef26 wp-block-group-is-layout-flex\">\n<h3 class=\"wp-block-heading heading-input-label-gutena\">Ime<\/h3>\n\n\n<div class=\"gutena-forms-text-field field-name-first_name  is-style-round-range-slider wp-elements-c6b7a48d1b340a642b6d459356cb0177 wp-block-gutena-form-field has-text-color has-foreground-color\"><input\n\t\t\t\t name=\"first_name\" type=\"text\" class=\"gutena-forms-field text-field required-field  \" placeholder=\"Vpi\u0161ite Va\u0161e ime\"  required\n\t\t\t\t\/><\/div><\/div>\n\n\n\n<p class=\"gutena-forms-field-error-msg\"><\/p>\n<\/div>\n<\/div>\n\n\n\n<div class=\"wp-block-column is-vertically-aligned-top is-layout-flow wp-block-column-is-layout-flow\">\n<div class=\"wp-block-gutena-field-group  field-group-type-text is-layout-flow wp-block-gutena-field-group-is-layout-flow\">\n<div class=\"wp-block-group is-vertical is-layout-flex wp-container-core-group-is-layout-501cef26 wp-block-group-is-layout-flex\">\n<h3 class=\"wp-block-heading heading-input-label-gutena\">Priimek<\/h3>\n\n\n<div class=\"gutena-forms-text-field field-name-last_name  is-style-round-range-slider wp-elements-f3f4577cf47de2e22f9b9f80dd1e3484 wp-block-gutena-form-field has-text-color has-foreground-color\"><input\n\t\t\t\t name=\"last_name\" type=\"text\" class=\"gutena-forms-field text-field required-field  \" placeholder=\"Vpi\u0161ite Va\u0161 priimek\"  required\n\t\t\t\t\/><\/div><\/div>\n\n\n\n<p class=\"gutena-forms-field-error-msg\"><\/p>\n<\/div>\n<\/div>\n<\/div>\n\n\n\n<div class=\"wp-block-columns alignfull are-vertically-aligned-top is-layout-flex wp-container-core-columns-is-layout-28f84493 wp-block-columns-is-layout-flex\">\n<div class=\"wp-block-column is-vertically-aligned-top is-layout-flow wp-block-column-is-layout-flow\">\n<div class=\"wp-block-gutena-field-group  field-group-type-text is-layout-flow wp-block-gutena-field-group-is-layout-flow\">\n<div class=\"wp-block-group is-vertical is-layout-flex wp-container-core-group-is-layout-501cef26 wp-block-group-is-layout-flex\">\n<h3 class=\"wp-block-heading heading-input-label-gutena\">Email<\/h3>\n\n\n<div class=\"gutena-forms-text-field field-name-f_0  is-style-round-range-slider wp-elements-e3d4cd8c4ea993481f119e009cae5e81 wp-block-gutena-form-field has-text-color has-foreground-color\"><input\n\t\t\t\t name=\"f_0\" type=\"text\" class=\"gutena-forms-field text-field required-field  \" placeholder=\"Primer@gmail.com\"  required\n\t\t\t\t\/><\/div><\/div>\n\n\n\n<div class=\"wp-block-group is-vertical is-layout-flex wp-container-core-group-is-layout-501cef26 wp-block-group-is-layout-flex\">\n<h3 class=\"wp-block-heading heading-input-label-gutena\">Zadeva<\/h3>\n\n\n<div class=\"gutena-forms-text-field field-name-subject  is-style-round-range-slider wp-elements-f03a6f3dce0cf987d4837280ec353d50 wp-block-gutena-form-field has-text-color has-foreground-color\"><input\n\t\t\t\t name=\"subject\" type=\"text\" class=\"gutena-forms-field text-field   \" placeholder=\"Ni obvezno\" \n\t\t\t\t\/><\/div><\/div>\n\n\n\n<p class=\"gutena-forms-field-error-msg\"><\/p>\n<\/div>\n<\/div>\n\n\n\n<div class=\"wp-block-column is-vertically-aligned-top is-layout-flow wp-block-column-is-layout-flow\">\n<div class=\"wp-block-gutena-field-group  field-group-type-email field-group-type-number is-layout-flow wp-block-gutena-field-group-is-layout-flow\">\n<div class=\"wp-block-group is-vertical is-content-justification-left is-layout-flex wp-container-core-group-is-layout-fc282c1f wp-block-group-is-layout-flex\">\n<h3 class=\"wp-block-heading heading-input-label-gutena\">Telefonska \u0161tevilka<\/h3>\n\n\n<div class=\"gutena-forms-number-field field-name-email  is-style-round-range-slider wp-elements-34ade5ef4833829d6d059567fe6cf116 wp-block-gutena-form-field has-text-color has-foreground-color\"><input\n\t\t\t\t name=\"email\" type=\"number\" class=\"gutena-forms-field number-field required-field  \" placeholder=\"Va\u0161a telefonska \u0161tevilka\"  required\n\t\t\t\t\/><\/div><\/div>\n\n\n\n<p class=\"gutena-forms-field-error-msg\"><\/p>\n<\/div>\n<\/div>\n<\/div>\n\n\n\n<div class=\"wp-block-columns alignfull are-vertically-aligned-top is-layout-flex wp-container-core-columns-is-layout-28f84493 wp-block-columns-is-layout-flex\">\n<div class=\"wp-block-column is-vertically-aligned-top is-layout-flow wp-block-column-is-layout-flow\">\n<div class=\"wp-block-gutena-field-group  field-group-type-textarea is-layout-flow wp-block-gutena-field-group-is-layout-flow\">\n<p>Va\u0161e sporo\u010dilo:<\/p>\n\n\n\n<div class=\"wp-block-group is-vertical is-layout-flex wp-container-core-group-is-layout-501cef26 wp-block-group-is-layout-flex\"><div class=\"gutena-forms-textarea-field field-name-message  is-style-round-range-slider wp-elements-172ef6c77ee81d3d16ab82aea1e8b0ee wp-block-gutena-form-field has-text-color has-foreground-color\"><textarea\n\t\t\t\t name=\"message\" rows=\"5\" class=\"gutena-forms-field textarea-field required-field  \" placeholder=\"Vpi\u0161ite Va\u0161e sporo\u010dilo\"  required\n\t\t\t\t><\/textarea><\/div><\/div>\n\n\n\n<p class=\"gutena-forms-field-error-msg\"><\/p>\n<\/div>\n<\/div>\n<\/div>\n\n\n\n<div class=\"wp-block-columns alignfull are-vertically-aligned-top is-layout-flex wp-container-core-columns-is-layout-28f84493 wp-block-columns-is-layout-flex\">\n<div class=\"wp-block-column is-vertically-aligned-top is-layout-flow wp-block-column-is-layout-flow\">\n<div class=\"wp-block-buttons gutena-forms-submit-buttons is-layout-flex wp-block-buttons-is-layout-flex\">\n<div class=\"wp-block-button gutena-forms-submit-button\"><button class=\"wp-block-button__link wp-element-button\">Po\u0161lji<\/button><\/div>\n<\/div>\n<\/div>\n<\/div>\n\n\n\n<div class=\"wp-block-gutena-form-confirm-msg alignfull is-layout-flow wp-block-gutena-form-confirm-msg-is-layout-flow\">\n<div class=\"wp-block-group has-background is-content-justification-left is-nowrap is-layout-flex wp-container-core-group-is-layout-385d3396 wp-block-group-is-layout-flex\" style=\"border-radius:5px;background-color:#d8eacc;padding-top:12px;padding-right:12px;padding-bottom:12px;padding-left:12px\">\n<figure class=\"wp-block-image size-large form-message-icon\"><img decoding=\"async\" src=\"data:image\/svg+xml;base64,PHN2ZyB3aWR0aD0iMTYiIGhlaWdodD0iMTYiIHZpZXdCb3g9IjAgMCAxNiAxNiIgZmlsbD0ibm9uZSIgeG1sbnM9Imh0dHA6Ly93d3cudzMub3JnLzIwMDAvc3ZnIj4KPHBhdGggZD0iTTggMTZDMy41ODE2IDE2IDAgMTIuNDE4NCAwIDhDMCAzLjU4MTYgMy41ODE2IDAgOCAwQzEyLjQxODQgMCAxNiAzLjU4MTYgMTYgOEMxNiAxMi40MTg0IDEyLjQxODQgMTYgOCAxNlpNOCAxNC40QzkuNjk3MzkgMTQuNCAxMS4zMjUzIDEzLjcyNTcgMTIuNTI1NSAxMi41MjU1QzEzLjcyNTcgMTEuMzI1MyAxNC40IDkuNjk3MzkgMTQuNCA4QzE0LjQgNi4zMDI2MSAxMy43MjU3IDQuNjc0NzUgMTIuNTI1NSAzLjQ3NDUyQzExLjMyNTMgMi4yNzQyOCA5LjY5NzM5IDEuNiA4IDEuNkM2LjMwMjYxIDEuNiA0LjY3NDc1IDIuMjc0MjggMy40NzQ1MiAzLjQ3NDUyQzIuMjc0MjggNC42NzQ3NSAxLjYgNi4zMDI2MSAxLjYgOEMxLjYgOS42OTczOSAyLjI3NDI4IDExLjMyNTMgMy40NzQ1MiAxMi41MjU1QzQuNjc0NzUgMTMuNzI1NyA2LjMwMjYxIDE0LjQgOCAxNC40Wk03LjIwMjQgMTEuMkwzLjgwOCA3LjgwNTZMNC45MzkyIDYuNjc0NEw3LjIwMjQgOC45Mzc2TDExLjcyNzIgNC40MTJMMTIuODU5MiA1LjU0MzJMNy4yMDI0IDExLjJaIiBmaWxsPSIjNDY4NDFFIi8+Cjwvc3ZnPgo=\" alt=\"Success\" class=\"wp-image-3811\"\/><\/figure>\n\n\n\n<p class=\"has-black-color has-text-color has-tiny-font-size\" style=\"font-size:12px;font-style:normal;font-weight:500;line-height:1.2\">Va\u0161e povpra\u0161evanje je bilo poslano uspe\u0161no!<\/p>\n<\/div>\n<\/div>\n\n\n\n<div class=\"wp-block-gutena-form-error-msg alignfull is-layout-flow wp-block-gutena-form-error-msg-is-layout-flow\">\n<div class=\"wp-block-group has-background is-content-justification-left is-nowrap is-layout-flex wp-container-core-group-is-layout-385d3396 wp-block-group-is-layout-flex\" style=\"border-radius:5px;background-color:#ffd3d3;padding-top:12px;padding-right:12px;padding-bottom:12px;padding-left:12px\">\n<figure class=\"wp-block-image size-large form-message-icon\"><img decoding=\"async\" src=\"data:image\/svg+xml;base64,PHN2ZyB3aWR0aD0iMTYiIGhlaWdodD0iMTYiIHZpZXdCb3g9IjAgMCAxNiAxNiIgZmlsbD0ibm9uZSIgeG1sbnM9Imh0dHA6Ly93d3cudzMub3JnLzIwMDAvc3ZnIj4KPHBhdGggZD0iTTggMTZDMy41ODE2IDE2IDAgMTIuNDE4NCAwIDhDMCAzLjU4MTYgMy41ODE2IDAgOCAwQzEyLjQxODQgMCAxNiAzLjU4MTYgMTYgOEMxNiAxMi40MTg0IDEyLjQxODQgMTYgOCAxNlpNOCAxNC40QzkuNjk3MzkgMTQuNCAxMS4zMjUzIDEzLjcyNTcgMTIuNTI1NSAxMi41MjU1QzEzLjcyNTcgMTEuMzI1MyAxNC40IDkuNjk3MzkgMTQuNCA4QzE0LjQgNi4zMDI2MSAxMy43MjU3IDQuNjc0NzUgMTIuNTI1NSAzLjQ3NDUyQzExLjMyNTMgMi4yNzQyOCA5LjY5NzM5IDEuNiA4IDEuNkM2LjMwMjYxIDEuNiA0LjY3NDc1IDIuMjc0MjggMy40NzQ1MiAzLjQ3NDUyQzIuMjc0MjggNC42NzQ3NSAxLjYgNi4zMDI2MSAxLjYgOEMxLjYgOS42OTczOSAyLjI3NDI4IDExLjMyNTMgMy40NzQ1MiAxMi41MjU1QzQuNjc0NzUgMTMuNzI1NyA2LjMwMjYxIDE0LjQgOCAxNC40Wk03LjIgMTAuNEg4LjhWMTJINy4yVjEwLjRaTTcuMiA0SDguOFY4LjhINy4yVjRaIiBmaWxsPSIjQzUxOTE5Ii8+Cjwvc3ZnPgo=\" alt=\"Error\" class=\"wp-image-3811\"\/><\/figure>\n\n\n\n<p class=\"gutena-forms-error-text has-black-color has-text-color\" style=\"font-size:12px;font-style:normal;font-weight:500;line-height:1.2\">Se opravi\u010dujemo, pri vnosu je pri\u0161lo do napake, prosimo popravite.<\/p>\n<\/div>\n<\/div>\n<\/form>\n","protected":false},"excerpt":{"rendered":"<p>Izpolnite obrazec in nam zaupajte Va\u0161e \u017eelje, ideje, povpra\u0161evanja ali te\u017eave in kontaktirali vas bomo [&hellip;]<\/p>\n","protected":false},"author":1,"featured_media":0,"parent":0,"menu_order":0,"comment_status":"open","ping_status":"closed","template":"","meta":{"footnotes":""},"class_list":["post-29","page","type-page","status-publish","hentry"],"yoast_head":"<!-- This site is optimized with the Yoast SEO plugin v26.7 - https:\/\/yoast.com\/wordpress\/plugins\/seo\/ -->\n<title>Kontakt - EKG d.o.o.<\/title>\n<meta name=\"robots\" content=\"index, follow, max-snippet:-1, max-image-preview:large, max-video-preview:-1\" \/>\n<link rel=\"canonical\" href=\"https:\/\/ekgdoo.si\/?page_id=29\" \/>\n<meta property=\"og:locale\" content=\"en_US\" \/>\n<meta property=\"og:type\" content=\"article\" \/>\n<meta property=\"og:title\" content=\"Kontakt - EKG d.o.o.\" \/>\n<meta property=\"og:description\" content=\"Izpolnite obrazec in nam zaupajte Va\u0161e \u017eelje, ideje, povpra\u0161evanja ali te\u017eave in kontaktirali vas bomo [&hellip;]\" \/>\n<meta property=\"og:url\" content=\"https:\/\/ekgdoo.si\/?page_id=29\" \/>\n<meta property=\"og:site_name\" content=\"EKG d.o.o.\" \/>\n<meta property=\"article:modified_time\" content=\"2024-08-18T08:45:09+00:00\" \/>\n<meta name=\"twitter:card\" content=\"summary_large_image\" \/>\n<script type=\"application\/ld+json\" class=\"yoast-schema-graph\">{\"@context\":\"https:\/\/schema.org\",\"@graph\":[{\"@type\":\"WebPage\",\"@id\":\"https:\/\/ekgdoo.si\/?page_id=29\",\"url\":\"https:\/\/ekgdoo.si\/?page_id=29\",\"name\":\"Kontakt - EKG d.o.o.\",\"isPartOf\":{\"@id\":\"https:\/\/ekgdoo.si\/#website\"},\"datePublished\":\"2024-08-05T13:35:07+00:00\",\"dateModified\":\"2024-08-18T08:45:09+00:00\",\"breadcrumb\":{\"@id\":\"https:\/\/ekgdoo.si\/?page_id=29#breadcrumb\"},\"inLanguage\":\"en-US\",\"potentialAction\":[{\"@type\":\"ReadAction\",\"target\":[\"https:\/\/ekgdoo.si\/?page_id=29\"]}]},{\"@type\":\"BreadcrumbList\",\"@id\":\"https:\/\/ekgdoo.si\/?page_id=29#breadcrumb\",\"itemListElement\":[{\"@type\":\"ListItem\",\"position\":1,\"name\":\"Home\",\"item\":\"https:\/\/ekgdoo.si\/\"},{\"@type\":\"ListItem\",\"position\":2,\"name\":\"Kontakt\"}]},{\"@type\":\"WebSite\",\"@id\":\"https:\/\/ekgdoo.si\/#website\",\"url\":\"https:\/\/ekgdoo.si\/\",\"name\":\"EKG d.o.o.\",\"description\":\"\",\"publisher\":{\"@id\":\"https:\/\/ekgdoo.si\/#organization\"},\"potentialAction\":[{\"@type\":\"SearchAction\",\"target\":{\"@type\":\"EntryPoint\",\"urlTemplate\":\"https:\/\/ekgdoo.si\/?s={search_term_string}\"},\"query-input\":{\"@type\":\"PropertyValueSpecification\",\"valueRequired\":true,\"valueName\":\"search_term_string\"}}],\"inLanguage\":\"en-US\"},{\"@type\":\"Organization\",\"@id\":\"https:\/\/ekgdoo.si\/#organization\",\"name\":\"EKG d.o.o.\",\"url\":\"https:\/\/ekgdoo.si\/\",\"logo\":{\"@type\":\"ImageObject\",\"inLanguage\":\"en-US\",\"@id\":\"https:\/\/ekgdoo.si\/#\/schema\/logo\/image\/\",\"url\":\"https:\/\/ekgdoo.si\/wp-content\/uploads\/2024\/08\/FB_IMG_1722947042704.jpg\",\"contentUrl\":\"https:\/\/ekgdoo.si\/wp-content\/uploads\/2024\/08\/FB_IMG_1722947042704.jpg\",\"width\":492,\"height\":492,\"caption\":\"EKG d.o.o.\"},\"image\":{\"@id\":\"https:\/\/ekgdoo.si\/#\/schema\/logo\/image\/\"}}]}<\/script>\n<!-- \/ Yoast SEO plugin. -->","yoast_head_json":{"title":"Kontakt - EKG d.o.o.","robots":{"index":"index","follow":"follow","max-snippet":"max-snippet:-1","max-image-preview":"max-image-preview:large","max-video-preview":"max-video-preview:-1"},"canonical":"https:\/\/ekgdoo.si\/?page_id=29","og_locale":"en_US","og_type":"article","og_title":"Kontakt - EKG d.o.o.","og_description":"Izpolnite obrazec in nam zaupajte Va\u0161e \u017eelje, ideje, povpra\u0161evanja ali te\u017eave in kontaktirali vas bomo [&hellip;]","og_url":"https:\/\/ekgdoo.si\/?page_id=29","og_site_name":"EKG d.o.o.","article_modified_time":"2024-08-18T08:45:09+00:00","twitter_card":"summary_large_image","schema":{"@context":"https:\/\/schema.org","@graph":[{"@type":"WebPage","@id":"https:\/\/ekgdoo.si\/?page_id=29","url":"https:\/\/ekgdoo.si\/?page_id=29","name":"Kontakt - EKG d.o.o.","isPartOf":{"@id":"https:\/\/ekgdoo.si\/#website"},"datePublished":"2024-08-05T13:35:07+00:00","dateModified":"2024-08-18T08:45:09+00:00","breadcrumb":{"@id":"https:\/\/ekgdoo.si\/?page_id=29#breadcrumb"},"inLanguage":"en-US","potentialAction":[{"@type":"ReadAction","target":["https:\/\/ekgdoo.si\/?page_id=29"]}]},{"@type":"BreadcrumbList","@id":"https:\/\/ekgdoo.si\/?page_id=29#breadcrumb","itemListElement":[{"@type":"ListItem","position":1,"name":"Home","item":"https:\/\/ekgdoo.si\/"},{"@type":"ListItem","position":2,"name":"Kontakt"}]},{"@type":"WebSite","@id":"https:\/\/ekgdoo.si\/#website","url":"https:\/\/ekgdoo.si\/","name":"EKG d.o.o.","description":"","publisher":{"@id":"https:\/\/ekgdoo.si\/#organization"},"potentialAction":[{"@type":"SearchAction","target":{"@type":"EntryPoint","urlTemplate":"https:\/\/ekgdoo.si\/?s={search_term_string}"},"query-input":{"@type":"PropertyValueSpecification","valueRequired":true,"valueName":"search_term_string"}}],"inLanguage":"en-US"},{"@type":"Organization","@id":"https:\/\/ekgdoo.si\/#organization","name":"EKG d.o.o.","url":"https:\/\/ekgdoo.si\/","logo":{"@type":"ImageObject","inLanguage":"en-US","@id":"https:\/\/ekgdoo.si\/#\/schema\/logo\/image\/","url":"https:\/\/ekgdoo.si\/wp-content\/uploads\/2024\/08\/FB_IMG_1722947042704.jpg","contentUrl":"https:\/\/ekgdoo.si\/wp-content\/uploads\/2024\/08\/FB_IMG_1722947042704.jpg","width":492,"height":492,"caption":"EKG d.o.o."},"image":{"@id":"https:\/\/ekgdoo.si\/#\/schema\/logo\/image\/"}}]}},"_links":{"self":[{"href":"https:\/\/ekgdoo.si\/index.php?rest_route=\/wp\/v2\/pages\/29","targetHints":{"allow":["GET"]}}],"collection":[{"href":"https:\/\/ekgdoo.si\/index.php?rest_route=\/wp\/v2\/pages"}],"about":[{"href":"https:\/\/ekgdoo.si\/index.php?rest_route=\/wp\/v2\/types\/page"}],"author":[{"embeddable":true,"href":"https:\/\/ekgdoo.si\/index.php?rest_route=\/wp\/v2\/users\/1"}],"replies":[{"embeddable":true,"href":"https:\/\/ekgdoo.si\/index.php?rest_route=%2Fwp%2Fv2%2Fcomments&post=29"}],"version-history":[{"count":18,"href":"https:\/\/ekgdoo.si\/index.php?rest_route=\/wp\/v2\/pages\/29\/revisions"}],"predecessor-version":[{"id":198,"href":"https:\/\/ekgdoo.si\/index.php?rest_route=\/wp\/v2\/pages\/29\/revisions\/198"}],"wp:attachment":[{"href":"https:\/\/ekgdoo.si\/index.php?rest_route=%2Fwp%2Fv2%2Fmedia&parent=29"}],"curies":[{"name":"wp","href":"https:\/\/api.w.org\/{rel}","templated":true}]}}