{"id":24,"date":"2024-08-05T13:36:22","date_gmt":"2024-08-05T13:36:22","guid":{"rendered":"https:\/\/ekgdoo.si\/?page_id=24"},"modified":"2024-08-09T03:39:21","modified_gmt":"2024-08-09T03:39:21","slug":"o-nas","status":"publish","type":"page","link":"https:\/\/ekgdoo.si\/?page_id=24","title":{"rendered":"O nas"},"content":{"rendered":"<div class=\"elementor-element elementor-element-9d79480 elementor-widget elementor-widget-heading\" data-id=\"9d79480\" data-element_type=\"widget\" data-widget_type=\"heading.default\">\n<div class=\"elementor-widget-container\">\n<h2 class=\"elementor-heading-title elementor-size-default\">Dobrodo\u0161li na strani podjetja EKG d.o.o.<\/h2>\n<\/div>\n<\/div>\n<div class=\"elementor-element elementor-element-1af578e elementor-widget elementor-widget-heading\" data-id=\"1af578e\" data-element_type=\"widget\" data-widget_type=\"heading.default\">\n<div class=\"elementor-widget-container\">\n<p>Smo gradbeno podjetje, ki se ve\u010dinoma ukvarja z izvedbo notranjih zaklju\u010dnih del v gradbeni\u0161tvu; med drugim suhomonta\u017ena dela (knauf), pleskanje, kitanje, polaganje talnih oblog (keramika, kamen, vinil, laminat, itd.), izvedbo elektroin\u0161talacij in strojnih in\u0161talacij v stanovanjskih hi\u0161ah, monta\u017ei stavbnega pohi\u0161tva (okna, vrata), ter ostala dela po dogovoru.<\/p>\n<p>Prav tako smo Vam na voljo za morebitne ve\u010dje projekte, kot so celovite prenove kopalnic, stanovanj ali hi\u0161, ter izdelave uporabnih prostorov iz neizdelanih podstre\u0161ij\/mansard.<\/p>\n<p>V zadnjih 14 letih smo gradili na tradiciji, izku\u0161njah in odnosih z razli\u010dnimi podjetji in tako pridobili kompetence za izvedbo prav vsakega projekta, tudi Va\u0161ega.<\/p>\n<\/div>\n<\/div>\n","protected":false},"excerpt":{"rendered":"<p>Dobrodo\u0161li na strani podjetja EKG d.o.o. Smo gradbeno podjetje, ki se ve\u010dinoma ukvarja z izvedbo [&hellip;]<\/p>\n","protected":false},"author":1,"featured_media":0,"parent":0,"menu_order":0,"comment_status":"closed","ping_status":"closed","template":"","meta":{"footnotes":""},"class_list":["post-24","page","type-page","status-publish","hentry"],"yoast_head":"<!-- This site is optimized with the Yoast SEO plugin v26.7 - https:\/\/yoast.com\/wordpress\/plugins\/seo\/ -->\n<title>O nas - EKG d.o.o.<\/title>\n<meta name=\"robots\" content=\"index, follow, max-snippet:-1, max-image-preview:large, max-video-preview:-1\" \/>\n<link rel=\"canonical\" href=\"https:\/\/ekgdoo.si\/?page_id=24\" \/>\n<meta property=\"og:locale\" content=\"en_US\" \/>\n<meta property=\"og:type\" content=\"article\" \/>\n<meta property=\"og:title\" content=\"O nas - EKG d.o.o.\" \/>\n<meta property=\"og:description\" content=\"Dobrodo\u0161li na strani podjetja EKG d.o.o. Smo gradbeno podjetje, ki se ve\u010dinoma ukvarja z izvedbo [&hellip;]\" \/>\n<meta property=\"og:url\" content=\"https:\/\/ekgdoo.si\/?page_id=24\" \/>\n<meta property=\"og:site_name\" content=\"EKG d.o.o.\" \/>\n<meta property=\"article:modified_time\" content=\"2024-08-09T03:39:21+00:00\" \/>\n<meta name=\"twitter:card\" content=\"summary_large_image\" \/>\n<meta name=\"twitter:label1\" content=\"Est. reading time\" \/>\n\t<meta name=\"twitter:data1\" content=\"1 minute\" \/>\n<script type=\"application\/ld+json\" class=\"yoast-schema-graph\">{\"@context\":\"https:\/\/schema.org\",\"@graph\":[{\"@type\":\"WebPage\",\"@id\":\"https:\/\/ekgdoo.si\/?page_id=24\",\"url\":\"https:\/\/ekgdoo.si\/?page_id=24\",\"name\":\"O nas - EKG d.o.o.\",\"isPartOf\":{\"@id\":\"https:\/\/ekgdoo.si\/#website\"},\"datePublished\":\"2024-08-05T13:36:22+00:00\",\"dateModified\":\"2024-08-09T03:39:21+00:00\",\"breadcrumb\":{\"@id\":\"https:\/\/ekgdoo.si\/?page_id=24#breadcrumb\"},\"inLanguage\":\"en-US\",\"potentialAction\":[{\"@type\":\"ReadAction\",\"target\":[\"https:\/\/ekgdoo.si\/?page_id=24\"]}]},{\"@type\":\"BreadcrumbList\",\"@id\":\"https:\/\/ekgdoo.si\/?page_id=24#breadcrumb\",\"itemListElement\":[{\"@type\":\"ListItem\",\"position\":1,\"name\":\"Home\",\"item\":\"https:\/\/ekgdoo.si\/\"},{\"@type\":\"ListItem\",\"position\":2,\"name\":\"O nas\"}]},{\"@type\":\"WebSite\",\"@id\":\"https:\/\/ekgdoo.si\/#website\",\"url\":\"https:\/\/ekgdoo.si\/\",\"name\":\"EKG d.o.o.\",\"description\":\"\",\"publisher\":{\"@id\":\"https:\/\/ekgdoo.si\/#organization\"},\"potentialAction\":[{\"@type\":\"SearchAction\",\"target\":{\"@type\":\"EntryPoint\",\"urlTemplate\":\"https:\/\/ekgdoo.si\/?s={search_term_string}\"},\"query-input\":{\"@type\":\"PropertyValueSpecification\",\"valueRequired\":true,\"valueName\":\"search_term_string\"}}],\"inLanguage\":\"en-US\"},{\"@type\":\"Organization\",\"@id\":\"https:\/\/ekgdoo.si\/#organization\",\"name\":\"EKG d.o.o.\",\"url\":\"https:\/\/ekgdoo.si\/\",\"logo\":{\"@type\":\"ImageObject\",\"inLanguage\":\"en-US\",\"@id\":\"https:\/\/ekgdoo.si\/#\/schema\/logo\/image\/\",\"url\":\"https:\/\/ekgdoo.si\/wp-content\/uploads\/2024\/08\/FB_IMG_1722947042704.jpg\",\"contentUrl\":\"https:\/\/ekgdoo.si\/wp-content\/uploads\/2024\/08\/FB_IMG_1722947042704.jpg\",\"width\":492,\"height\":492,\"caption\":\"EKG d.o.o.\"},\"image\":{\"@id\":\"https:\/\/ekgdoo.si\/#\/schema\/logo\/image\/\"}}]}<\/script>\n<!-- \/ Yoast SEO plugin. -->","yoast_head_json":{"title":"O nas - EKG d.o.o.","robots":{"index":"index","follow":"follow","max-snippet":"max-snippet:-1","max-image-preview":"max-image-preview:large","max-video-preview":"max-video-preview:-1"},"canonical":"https:\/\/ekgdoo.si\/?page_id=24","og_locale":"en_US","og_type":"article","og_title":"O nas - EKG d.o.o.","og_description":"Dobrodo\u0161li na strani podjetja EKG d.o.o. Smo gradbeno podjetje, ki se ve\u010dinoma ukvarja z izvedbo [&hellip;]","og_url":"https:\/\/ekgdoo.si\/?page_id=24","og_site_name":"EKG d.o.o.","article_modified_time":"2024-08-09T03:39:21+00:00","twitter_card":"summary_large_image","twitter_misc":{"Est. reading time":"1 minute"},"schema":{"@context":"https:\/\/schema.org","@graph":[{"@type":"WebPage","@id":"https:\/\/ekgdoo.si\/?page_id=24","url":"https:\/\/ekgdoo.si\/?page_id=24","name":"O nas - EKG d.o.o.","isPartOf":{"@id":"https:\/\/ekgdoo.si\/#website"},"datePublished":"2024-08-05T13:36:22+00:00","dateModified":"2024-08-09T03:39:21+00:00","breadcrumb":{"@id":"https:\/\/ekgdoo.si\/?page_id=24#breadcrumb"},"inLanguage":"en-US","potentialAction":[{"@type":"ReadAction","target":["https:\/\/ekgdoo.si\/?page_id=24"]}]},{"@type":"BreadcrumbList","@id":"https:\/\/ekgdoo.si\/?page_id=24#breadcrumb","itemListElement":[{"@type":"ListItem","position":1,"name":"Home","item":"https:\/\/ekgdoo.si\/"},{"@type":"ListItem","position":2,"name":"O nas"}]},{"@type":"WebSite","@id":"https:\/\/ekgdoo.si\/#website","url":"https:\/\/ekgdoo.si\/","name":"EKG d.o.o.","description":"","publisher":{"@id":"https:\/\/ekgdoo.si\/#organization"},"potentialAction":[{"@type":"SearchAction","target":{"@type":"EntryPoint","urlTemplate":"https:\/\/ekgdoo.si\/?s={search_term_string}"},"query-input":{"@type":"PropertyValueSpecification","valueRequired":true,"valueName":"search_term_string"}}],"inLanguage":"en-US"},{"@type":"Organization","@id":"https:\/\/ekgdoo.si\/#organization","name":"EKG d.o.o.","url":"https:\/\/ekgdoo.si\/","logo":{"@type":"ImageObject","inLanguage":"en-US","@id":"https:\/\/ekgdoo.si\/#\/schema\/logo\/image\/","url":"https:\/\/ekgdoo.si\/wp-content\/uploads\/2024\/08\/FB_IMG_1722947042704.jpg","contentUrl":"https:\/\/ekgdoo.si\/wp-content\/uploads\/2024\/08\/FB_IMG_1722947042704.jpg","width":492,"height":492,"caption":"EKG d.o.o."},"image":{"@id":"https:\/\/ekgdoo.si\/#\/schema\/logo\/image\/"}}]}},"_links":{"self":[{"href":"https:\/\/ekgdoo.si\/index.php?rest_route=\/wp\/v2\/pages\/24","targetHints":{"allow":["GET"]}}],"collection":[{"href":"https:\/\/ekgdoo.si\/index.php?rest_route=\/wp\/v2\/pages"}],"about":[{"href":"https:\/\/ekgdoo.si\/index.php?rest_route=\/wp\/v2\/types\/page"}],"author":[{"embeddable":true,"href":"https:\/\/ekgdoo.si\/index.php?rest_route=\/wp\/v2\/users\/1"}],"replies":[{"embeddable":true,"href":"https:\/\/ekgdoo.si\/index.php?rest_route=%2Fwp%2Fv2%2Fcomments&post=24"}],"version-history":[{"count":5,"href":"https:\/\/ekgdoo.si\/index.php?rest_route=\/wp\/v2\/pages\/24\/revisions"}],"predecessor-version":[{"id":89,"href":"https:\/\/ekgdoo.si\/index.php?rest_route=\/wp\/v2\/pages\/24\/revisions\/89"}],"wp:attachment":[{"href":"https:\/\/ekgdoo.si\/index.php?rest_route=%2Fwp%2Fv2%2Fmedia&parent=24"}],"curies":[{"name":"wp","href":"https:\/\/api.w.org\/{rel}","templated":true}]}}